{"id":6691,"date":"2024-10-30T12:43:48","date_gmt":"2024-10-30T11:43:48","guid":{"rendered":"https:\/\/www.posestvo-berce.si\/izdelek\/zelen-2022-native-berce\/"},"modified":"2025-10-01T00:00:14","modified_gmt":"2025-09-30T22:00:14","slug":"zelen-2022-native-berce","status":"publish","type":"product","link":"https:\/\/www.posestvo-berce.si\/it\/prodotto\/zelen-2022-native-berce\/","title":{"rendered":"Zelen 2022 Native BERCE"},"content":{"rendered":"<p>Le uve vengono raccolte a mano a settembre.<\/p>\n<p><strong>Processo: <\/strong>macerazione a freddo di 10-24 ore seguita da fermentazione a basse temperature. La cura del vino \u00e8 rigorosamente definita per avvenire <u>esclusivamente in contenitori di acciaio inox<\/u> al fine di preservare il massimo del fruttato e del carattere varietale tipico che la variet\u00e0 offre.<br \/>\n<strong>Colore: <\/strong>verde-giallo brillante.<br \/>\n<strong>Naso e aroma:<\/strong> Delicate note floreali-fruttate, noce moscata, mela e pera, integrate da spezie mediterranee. Forti caratteristiche varietali con note di frutta a nocciolo e fragranze mediterranee.<br \/>\n<strong>Gusto:<\/strong> Corpo pieno e nobile con la giusta dose di freschezza e morbidezza.<\/p>\n<h3>Consigli dell&#8217;enologo:<\/h3>\n<p>In buona compagnia con:<\/p>\n<ul>\n<li>pesce,<\/li>\n<li>cozze e granchi,<\/li>\n<li>pasta con varie salse.<\/li>\n<\/ul>\n<p>Temperatura di servizio: 10-12\u00b0C.<\/p>\n","protected":false},"excerpt":{"rendered":"<p>Zelen &#8211; l&#8217;orgoglio della valle del Vipacco, l&#8217;eredit\u00e0 dei nostri nonots e l&#8217;amore dei viticoltori per questa variet\u00e0 per preservare la tradizione \u00e8 incommensurabile. Con questa variet\u00e0 ci sentiamo un anello della catena. Il nostro compito \u00e8 quello di trasmettere questo amore ai nostri figli affinch\u00e9 lo portino avanti (sai come sono i tempi, senza valori e tutto per niente&#8230;).  <\/p>\n<p>Questa variet\u00e0 offre risultati eccezionali sia come vino fermo che come spumante, ed \u00e8 per questo che fa parte della gamma Native e Native fest.<\/p>\n<p><strong>Zelen &#8211; Variet\u00e0:<\/strong> 100% zelen, variet\u00e0 autoctona.<br \/>\n<strong>Origine:<\/strong> Primorska, Valle del Vipacco<br \/>\n<strong>Qualit\u00e0:<\/strong> top<br \/>\n<strong>Contenuto di zucchero:<\/strong> secco<br \/>\n<strong>Tipo:<\/strong> bianco<br \/>\n<strong>Variet\u00e0:<\/strong> Zelen &#8211; variet\u00e0 autoctona<br \/>\n<strong>Marca:<\/strong> BERCE<br \/>\n<strong>Quantit\u00e0:<\/strong> 0,75l<\/p>\n","protected":false},"featured_media":8301,"comment_status":"closed","ping_status":"closed","template":"","meta":[],"product_brand":[],"product_cat":[217,215],"product_tag":[223,228],"class_list":{"0":"post-6691","1":"product","2":"type-product","3":"status-publish","4":"has-post-thumbnail","6":"product_cat-native-it","7":"product_cat-vini-berce","8":"product_tag-vini-bianchi","9":"product_tag-vini-top","11":"first","12":"instock","13":"taxable","14":"shipping-taxable","15":"purchasable","16":"product-type-variable","17":"has-default-attributes"},"yoast_head":"<!-- This site is optimized with the Yoast SEO plugin v27.4 - https:\/\/yoast.com\/product\/yoast-seo-wordpress\/ -->\n<title>Zelen Native - Posestvo Berce<\/title>\n<meta name=\"description\" content=\"Zelen - l&#039;orgoglio della valle del Vipacco, l&#039;eredit\u00e0 dei nostri nonots e l&#039;amore dei viticoltori per questa variet\u00e0 per preservare la tradizione \u00e8 incommensurabile.\" \/>\n<meta name=\"robots\" content=\"index, follow, max-snippet:-1, max-image-preview:large, max-video-preview:-1\" \/>\n<link rel=\"canonical\" href=\"https:\/\/www.posestvo-berce.si\/it\/prodotto\/zelen-2022-native-berce\/\" \/>\n<meta property=\"og:locale\" content=\"it_IT\" \/>\n<meta property=\"og:type\" content=\"article\" \/>\n<meta property=\"og:title\" content=\"Zelen Native - Posestvo Berce\" \/>\n<meta property=\"og:description\" content=\"Zelen - l&#039;orgoglio della valle del Vipacco, l&#039;eredit\u00e0 dei nostri nonots e l&#039;amore dei viticoltori per questa variet\u00e0 per preservare la tradizione \u00e8 incommensurabile.\" \/>\n<meta property=\"og:url\" content=\"https:\/\/www.posestvo-berce.si\/it\/prodotto\/zelen-2022-native-berce\/\" \/>\n<meta property=\"og:site_name\" content=\"Posestvo Berce\" \/>\n<meta property=\"article:publisher\" content=\"https:\/\/www.facebook.com\/pages\/category\/Farm\/Posestvo-Berce-210354185992455\/\" \/>\n<meta property=\"article:modified_time\" content=\"2025-09-30T22:00:14+00:00\" \/>\n<meta property=\"og:image\" content=\"https:\/\/www.posestvo-berce.si\/wp-content\/uploads\/2024\/10\/Vina-Berce-Native-Zelen-3.jpg\" \/>\n\t<meta property=\"og:image:width\" content=\"800\" \/>\n\t<meta property=\"og:image:height\" content=\"1600\" \/>\n\t<meta property=\"og:image:type\" content=\"image\/jpeg\" \/>\n<meta name=\"twitter:card\" content=\"summary_large_image\" \/>\n<meta name=\"twitter:label1\" content=\"Tempo di lettura stimato\" \/>\n\t<meta name=\"twitter:data1\" content=\"1 minuto\" \/>\n<script type=\"application\/ld+json\" class=\"yoast-schema-graph\">{\"@context\":\"https:\\\/\\\/schema.org\",\"@graph\":[{\"@type\":\"WebPage\",\"@id\":\"https:\\\/\\\/www.posestvo-berce.si\\\/it\\\/prodotto\\\/zelen-2022-native-berce\\\/\",\"url\":\"https:\\\/\\\/www.posestvo-berce.si\\\/it\\\/prodotto\\\/zelen-2022-native-berce\\\/\",\"name\":\"Zelen Native - Posestvo Berce\",\"isPartOf\":{\"@id\":\"https:\\\/\\\/www.posestvo-berce.si\\\/#website\"},\"primaryImageOfPage\":{\"@id\":\"https:\\\/\\\/www.posestvo-berce.si\\\/it\\\/prodotto\\\/zelen-2022-native-berce\\\/#primaryimage\"},\"image\":{\"@id\":\"https:\\\/\\\/www.posestvo-berce.si\\\/it\\\/prodotto\\\/zelen-2022-native-berce\\\/#primaryimage\"},\"thumbnailUrl\":\"https:\\\/\\\/www.posestvo-berce.si\\\/wp-content\\\/uploads\\\/2024\\\/10\\\/Vina-Berce-Native-Zelen-4.jpg\",\"datePublished\":\"2024-10-30T11:43:48+00:00\",\"dateModified\":\"2025-09-30T22:00:14+00:00\",\"description\":\"Zelen - l'orgoglio della valle del Vipacco, l'eredit\u00e0 dei nostri nonots e l'amore dei viticoltori per questa variet\u00e0 per preservare la tradizione \u00e8 incommensurabile.\",\"breadcrumb\":{\"@id\":\"https:\\\/\\\/www.posestvo-berce.si\\\/it\\\/prodotto\\\/zelen-2022-native-berce\\\/#breadcrumb\"},\"inLanguage\":\"it-IT\",\"potentialAction\":[{\"@type\":\"ReadAction\",\"target\":[\"https:\\\/\\\/www.posestvo-berce.si\\\/it\\\/prodotto\\\/zelen-2022-native-berce\\\/\"]}]},{\"@type\":\"ImageObject\",\"inLanguage\":\"it-IT\",\"@id\":\"https:\\\/\\\/www.posestvo-berce.si\\\/it\\\/prodotto\\\/zelen-2022-native-berce\\\/#primaryimage\",\"url\":\"https:\\\/\\\/www.posestvo-berce.si\\\/wp-content\\\/uploads\\\/2024\\\/10\\\/Vina-Berce-Native-Zelen-4.jpg\",\"contentUrl\":\"https:\\\/\\\/www.posestvo-berce.si\\\/wp-content\\\/uploads\\\/2024\\\/10\\\/Vina-Berce-Native-Zelen-4.jpg\",\"width\":800,\"height\":1422},{\"@type\":\"BreadcrumbList\",\"@id\":\"https:\\\/\\\/www.posestvo-berce.si\\\/it\\\/prodotto\\\/zelen-2022-native-berce\\\/#breadcrumb\",\"itemListElement\":[{\"@type\":\"ListItem\",\"position\":1,\"name\":\"Home\",\"item\":\"https:\\\/\\\/www.posestvo-berce.si\\\/it\\\/\"},{\"@type\":\"ListItem\",\"position\":2,\"name\":\"Negozio\",\"item\":\"https:\\\/\\\/www.posestvo-berce.si\\\/it\\\/negozio\\\/\"},{\"@type\":\"ListItem\",\"position\":3,\"name\":\"Zelen 2022 Native BERCE\"}]},{\"@type\":\"WebSite\",\"@id\":\"https:\\\/\\\/www.posestvo-berce.si\\\/#website\",\"url\":\"https:\\\/\\\/www.posestvo-berce.si\\\/\",\"name\":\"Posestvo Berce\",\"description\":\"\",\"publisher\":{\"@id\":\"https:\\\/\\\/www.posestvo-berce.si\\\/#organization\"},\"potentialAction\":[{\"@type\":\"SearchAction\",\"target\":{\"@type\":\"EntryPoint\",\"urlTemplate\":\"https:\\\/\\\/www.posestvo-berce.si\\\/?s={search_term_string}\"},\"query-input\":{\"@type\":\"PropertyValueSpecification\",\"valueRequired\":true,\"valueName\":\"search_term_string\"}}],\"inLanguage\":\"it-IT\"},{\"@type\":\"Organization\",\"@id\":\"https:\\\/\\\/www.posestvo-berce.si\\\/#organization\",\"name\":\"Posestvo Berce\",\"url\":\"https:\\\/\\\/www.posestvo-berce.si\\\/\",\"logo\":{\"@type\":\"ImageObject\",\"inLanguage\":\"it-IT\",\"@id\":\"https:\\\/\\\/www.posestvo-berce.si\\\/#\\\/schema\\\/logo\\\/image\\\/\",\"url\":\"https:\\\/\\\/www.posestvo-berce.si\\\/wp-content\\\/uploads\\\/2020\\\/10\\\/POSESTVO-BERCE.png\",\"contentUrl\":\"https:\\\/\\\/www.posestvo-berce.si\\\/wp-content\\\/uploads\\\/2020\\\/10\\\/POSESTVO-BERCE.png\",\"width\":1205,\"height\":116,\"caption\":\"Posestvo Berce\"},\"image\":{\"@id\":\"https:\\\/\\\/www.posestvo-berce.si\\\/#\\\/schema\\\/logo\\\/image\\\/\"},\"sameAs\":[\"https:\\\/\\\/www.facebook.com\\\/pages\\\/category\\\/Farm\\\/Posestvo-Berce-210354185992455\\\/\"]}]}<\/script>\n<!-- \/ Yoast SEO plugin. -->","yoast_head_json":{"title":"Zelen Native - Posestvo Berce","description":"Zelen - l'orgoglio della valle del Vipacco, l'eredit\u00e0 dei nostri nonots e l'amore dei viticoltori per questa variet\u00e0 per preservare la tradizione \u00e8 incommensurabile.","robots":{"index":"index","follow":"follow","max-snippet":"max-snippet:-1","max-image-preview":"max-image-preview:large","max-video-preview":"max-video-preview:-1"},"canonical":"https:\/\/www.posestvo-berce.si\/it\/prodotto\/zelen-2022-native-berce\/","og_locale":"it_IT","og_type":"article","og_title":"Zelen Native - Posestvo Berce","og_description":"Zelen - l'orgoglio della valle del Vipacco, l'eredit\u00e0 dei nostri nonots e l'amore dei viticoltori per questa variet\u00e0 per preservare la tradizione \u00e8 incommensurabile.","og_url":"https:\/\/www.posestvo-berce.si\/it\/prodotto\/zelen-2022-native-berce\/","og_site_name":"Posestvo Berce","article_publisher":"https:\/\/www.facebook.com\/pages\/category\/Farm\/Posestvo-Berce-210354185992455\/","article_modified_time":"2025-09-30T22:00:14+00:00","og_image":[{"width":800,"height":1600,"url":"https:\/\/www.posestvo-berce.si\/wp-content\/uploads\/2024\/10\/Vina-Berce-Native-Zelen-3.jpg","type":"image\/jpeg"}],"twitter_card":"summary_large_image","twitter_misc":{"Tempo di lettura stimato":"1 minuto"},"schema":{"@context":"https:\/\/schema.org","@graph":[{"@type":"WebPage","@id":"https:\/\/www.posestvo-berce.si\/it\/prodotto\/zelen-2022-native-berce\/","url":"https:\/\/www.posestvo-berce.si\/it\/prodotto\/zelen-2022-native-berce\/","name":"Zelen Native - Posestvo Berce","isPartOf":{"@id":"https:\/\/www.posestvo-berce.si\/#website"},"primaryImageOfPage":{"@id":"https:\/\/www.posestvo-berce.si\/it\/prodotto\/zelen-2022-native-berce\/#primaryimage"},"image":{"@id":"https:\/\/www.posestvo-berce.si\/it\/prodotto\/zelen-2022-native-berce\/#primaryimage"},"thumbnailUrl":"https:\/\/www.posestvo-berce.si\/wp-content\/uploads\/2024\/10\/Vina-Berce-Native-Zelen-4.jpg","datePublished":"2024-10-30T11:43:48+00:00","dateModified":"2025-09-30T22:00:14+00:00","description":"Zelen - l'orgoglio della valle del Vipacco, l'eredit\u00e0 dei nostri nonots e l'amore dei viticoltori per questa variet\u00e0 per preservare la tradizione \u00e8 incommensurabile.","breadcrumb":{"@id":"https:\/\/www.posestvo-berce.si\/it\/prodotto\/zelen-2022-native-berce\/#breadcrumb"},"inLanguage":"it-IT","potentialAction":[{"@type":"ReadAction","target":["https:\/\/www.posestvo-berce.si\/it\/prodotto\/zelen-2022-native-berce\/"]}]},{"@type":"ImageObject","inLanguage":"it-IT","@id":"https:\/\/www.posestvo-berce.si\/it\/prodotto\/zelen-2022-native-berce\/#primaryimage","url":"https:\/\/www.posestvo-berce.si\/wp-content\/uploads\/2024\/10\/Vina-Berce-Native-Zelen-4.jpg","contentUrl":"https:\/\/www.posestvo-berce.si\/wp-content\/uploads\/2024\/10\/Vina-Berce-Native-Zelen-4.jpg","width":800,"height":1422},{"@type":"BreadcrumbList","@id":"https:\/\/www.posestvo-berce.si\/it\/prodotto\/zelen-2022-native-berce\/#breadcrumb","itemListElement":[{"@type":"ListItem","position":1,"name":"Home","item":"https:\/\/www.posestvo-berce.si\/it\/"},{"@type":"ListItem","position":2,"name":"Negozio","item":"https:\/\/www.posestvo-berce.si\/it\/negozio\/"},{"@type":"ListItem","position":3,"name":"Zelen 2022 Native BERCE"}]},{"@type":"WebSite","@id":"https:\/\/www.posestvo-berce.si\/#website","url":"https:\/\/www.posestvo-berce.si\/","name":"Posestvo Berce","description":"","publisher":{"@id":"https:\/\/www.posestvo-berce.si\/#organization"},"potentialAction":[{"@type":"SearchAction","target":{"@type":"EntryPoint","urlTemplate":"https:\/\/www.posestvo-berce.si\/?s={search_term_string}"},"query-input":{"@type":"PropertyValueSpecification","valueRequired":true,"valueName":"search_term_string"}}],"inLanguage":"it-IT"},{"@type":"Organization","@id":"https:\/\/www.posestvo-berce.si\/#organization","name":"Posestvo Berce","url":"https:\/\/www.posestvo-berce.si\/","logo":{"@type":"ImageObject","inLanguage":"it-IT","@id":"https:\/\/www.posestvo-berce.si\/#\/schema\/logo\/image\/","url":"https:\/\/www.posestvo-berce.si\/wp-content\/uploads\/2020\/10\/POSESTVO-BERCE.png","contentUrl":"https:\/\/www.posestvo-berce.si\/wp-content\/uploads\/2020\/10\/POSESTVO-BERCE.png","width":1205,"height":116,"caption":"Posestvo Berce"},"image":{"@id":"https:\/\/www.posestvo-berce.si\/#\/schema\/logo\/image\/"},"sameAs":["https:\/\/www.facebook.com\/pages\/category\/Farm\/Posestvo-Berce-210354185992455\/"]}]}},"tiered_pricing_type":"fixed","tiered_pricing_fixed_rules":[],"tiered_pricing_product_settings":{"layout":"default","base_unit_name":{"singular":null,"plural":null},"default_variation":null},"tiered_pricing_minimum_quantity":null,"tiered_pricing_roles_data":[],"tiered_pricing_percentage_rules":[],"_links":{"self":[{"href":"https:\/\/www.posestvo-berce.si\/it\/wp-json\/wp\/v2\/product\/6691","targetHints":{"allow":["GET"]}}],"collection":[{"href":"https:\/\/www.posestvo-berce.si\/it\/wp-json\/wp\/v2\/product"}],"about":[{"href":"https:\/\/www.posestvo-berce.si\/it\/wp-json\/wp\/v2\/types\/product"}],"replies":[{"embeddable":true,"href":"https:\/\/www.posestvo-berce.si\/it\/wp-json\/wp\/v2\/comments?post=6691"}],"wp:featuredmedia":[{"embeddable":true,"href":"https:\/\/www.posestvo-berce.si\/it\/wp-json\/wp\/v2\/media\/8301"}],"wp:attachment":[{"href":"https:\/\/www.posestvo-berce.si\/it\/wp-json\/wp\/v2\/media?parent=6691"}],"wp:term":[{"taxonomy":"product_brand","embeddable":true,"href":"https:\/\/www.posestvo-berce.si\/it\/wp-json\/wp\/v2\/product_brand?post=6691"},{"taxonomy":"product_cat","embeddable":true,"href":"https:\/\/www.posestvo-berce.si\/it\/wp-json\/wp\/v2\/product_cat?post=6691"},{"taxonomy":"product_tag","embeddable":true,"href":"https:\/\/www.posestvo-berce.si\/it\/wp-json\/wp\/v2\/product_tag?post=6691"}],"curies":[{"name":"wp","href":"https:\/\/api.w.org\/{rel}","templated":true}]}}